{"id":8,"date":"2023-03-23T17:47:26","date_gmt":"2023-03-23T16:47:26","guid":{"rendered":"http:\/\/exbus.pl\/?page_id=8"},"modified":"2023-03-27T23:47:08","modified_gmt":"2023-03-27T21:47:08","slug":"home","status":"publish","type":"page","link":"https:\/\/exbus.pl\/","title":{"rendered":"Busy do Holandii , Belgii i Niemiec."},"content":{"rendered":"\n\n\n\n<h1 style=\"aspect-ratio:unset;\" class=\"wp-block-heading is-layout-constrained wp-block-group-is-layout-constrained is-layout-flow wp-block-cover-is-layout-flow\">Zam\u00f3w przejazd<\/h1>\n\n<p>Codzienne wyjazdy do Niemiec, Belgii, Holandii<\/p>\n<a style=\"display: inline-block; box-sizing: border-box; border-radius: 5px;color: white !important; width: auto; text-align: center !important; font-size: 24px !important; font-weight: bold !important; padding: 15px 20px 15px 0 !important; text-decoration: none !important;background: #7066d6 !important;\" class=\"wp-call-button-in-btn\" href=\"tel:+48506110012\"><span><img decoding=\"async\" style=\"width: 70px; height: 30px; vertical-align: middle; border: 0 !important; box-shadow: none !important; -webkit-box-shadow: none !important;\" src=\"data:image\/svg+xml;base64,PHN2ZyB2ZXJzaW9uPSIxLjEiIHhtbG5zPSJodHRwOi8vd3d3LnczLm9yZy8yMDAwL3N2ZyIgeG1sbnM6eGxpbms9Imh0dHA6Ly93d3cudzMub3JnLzE5OTkveGxpbmsiIHg9IjBweCIgeT0iMHB4IiB3aWR0aD0iNDU5cHgiIGhlaWdodD0iNDU5cHgiIHZpZXdCb3g9IjAgMCA0NTkgNDU5IiBzdHlsZT0iZW5hYmxlLWJhY2tncm91bmQ6bmV3IDAgMCA0NTkgNDU5OyIgeG1sOnNwYWNlPSJwcmVzZXJ2ZSI+PGc+PGcgaWQ9ImNhbGwiPjxwYXRoIHN0eWxlPSJmaWxsOiB3aGl0ZTsiIGQ9Ik05MS44LDE5OC45YzM1LjcsNzEuNCw5Ni45LDEzMC4wNSwxNjguMywxNjguM0wzMTYuMiwzMTEuMWM3LjY0OS03LjY0OSwxNy44NS0xMC4xOTksMjUuNS01LjFjMjguMDUsMTAuMiw1OC42NDksMTUuMyw5MS44LDE1LjNjMTUuMywwLDI1LjUsMTAuMiwyNS41LDI1LjV2ODYuN2MwLDE1LjMtMTAuMiwyNS41LTI1LjUsMjUuNUMxOTMuOCw0NTksMCwyNjUuMiwwLDI1LjVDMCwxMC4yLDEwLjIsMCwyNS41LDBoODkuMjVjMTUuMywwLDI1LjUsMTAuMiwyNS41LDI1LjVjMCwzMC42LDUuMSw2MS4yLDE1LjMsOTEuOGMyLjU1LDcuNjUsMCwxNy44NS01LjEsMjUuNUw5MS44LDE5OC45eiIvPjwvZz48L2c+PC9zdmc+\" \/>Zadzwo\u0144! +48 506 11 00 12<\/span><\/a>\n\n\n<a class=\"is-layout-flex wp-container-core-buttons-is-layout-d7af6e26 wp-block-buttons-is-layout-flex\" href=\"mailto:biuro@exbus.pl?subject=Zapytanie o przejazd\" style=\"padding: var(--wp--preset--spacing--30);\" target=\"_blank\" rel=\"noreferrer noopener\">Napisz. Um\u00f3w przejazd. Zapytaj o promocje&#8230;<\/a>\n\n\n<figure><img loading=\"lazy\" decoding=\"async\" src=\"https:\/\/exbus.pl\/wp-content\/uploads\/2023\/03\/Fotolia_30808091_Subscription_Monthly_L-300x214.jpg\" alt=\"\" width=\"300\" height=\"214\" \/><\/figure>\n\n\n\n\n\n\n<figure class=\"is-layout-flow wp-container-core-column-is-layout-6b73ce23 wp-block-column-is-layout-flow is-layout-flex wp-container-core-columns-is-layout-00723822 wp-block-columns-is-layout-flex is-layout-constrained wp-container-core-group-is-layout-9cedb757 wp-block-group-is-layout-constrained\"><img decoding=\"async\" src=\"http:\/\/exbus.pl\/wp-content\/themes\/astra\/inc\/assets\/images\/starter-content\/building.svg\" alt=\"\" \/><\/figure>\n\n<h3 class=\"wp-block-heading\" style=\"margin-top: 16px;\">Przew\u00f3z os\u00f3b <br \/>z adresu<br \/>pod adres<\/h3>\n\n<p style=\"line-height: 1.2;\">Busy Door 2 Door czyli busy z adresu pod adres. Mi\u0119dzynarodowe przejazdy z bezpo\u015brednim odbiorem pasa\u017cera spod drzwi domu i dostarczeniem pod wskazany adres. <br \/>To bardzo wygodne rozwi\u0105zanie.<\/p>\n\n\n\n<figure class=\"is-layout-flow wp-container-core-column-is-layout-6b73ce23 wp-block-column-is-layout-flow\"><img decoding=\"async\" src=\"http:\/\/exbus.pl\/wp-content\/themes\/astra\/inc\/assets\/images\/starter-content\/shopping-bag.svg\" alt=\"\" \/><\/figure>\n\n<h3 class=\"wp-block-heading\" style=\"margin-top: 16px;\">Konkurencyjne ceny i \u015bwietne promocje<\/h3>\n\n<p style=\"line-height: 1.2;\">Wiemy, \u017ce konkurencyjne ceny i liczne promocje to wa\u017cne czynniki przy wyborze us\u0142ug przewozowych, dlatego w naszej ofercie utrzymujemy ceny przejazd\u00f3w na najni\u017cszym mo\u017cliwie poziomie. Nasi klienci doceniaj\u0105 za to ExBus.<br \/>Zadzwo\u0144, sprawd\u017a nas!<\/p>\n\n\n\n<figure class=\"is-layout-flow wp-container-core-column-is-layout-6b73ce23 wp-block-column-is-layout-flow\"><img decoding=\"async\" src=\"http:\/\/exbus.pl\/wp-content\/themes\/astra\/inc\/assets\/images\/starter-content\/blog.svg\" alt=\"\" \/><\/figure>\n\n<h3 class=\"wp-block-heading\" style=\"margin-top: 16px;\">Obs\u0142ugujemy tereny:<\/h3>\n\n<p style=\"line-height: 1.2;\">wielkopolskie, zachodniopomorskie, lubuskie i kujawsko-pomorskie.<\/p>\n\n<p style=\"line-height: 1.3;\">Wyjazdy z Polski do Niemiec, Holandii i Belgii.<\/p>\n\n\n\n<figure class=\"is-layout-flow wp-container-core-column-is-layout-6b73ce23 wp-block-column-is-layout-flow\"><img decoding=\"async\" src=\"http:\/\/exbus.pl\/wp-content\/themes\/astra\/inc\/assets\/images\/starter-content\/portfolio.svg\" alt=\"\" \/><\/figure>\n\n<h3 class=\"wp-block-heading\" style=\"margin-top: 16px;\">Szybko i bezpiecznie!<\/h3>\n\n<p style=\"line-height: 1.2;\">Wp\u0142yw na to maj\u0105 takie czynniki jak: wzorowy stan techniczny pojazd\u00f3w, du\u017ce do\u015bwiadczenie i wysokie kwalifikacje kierowc\u00f3w, warunki drogowe, styl jazdy, przestrzeganie przepis\u00f3w ruchu drogowego oraz zachowanie pasa\u017cer\u00f3w.<\/p>\n\n\n\n\n\n<h3 class=\"wp-block-heading is-layout-constrained wp-container-core-group-is-layout-45b0ac4f wp-block-group-is-layout-constrained\">Obs\u0142ugujemy wojew\u00f3dztwa, miasta i ich okolice:<\/h3>\n\n\n\n<figure class=\"is-layout-flow wp-container-core-column-is-layout-6b73ce23 wp-block-column-is-layout-flow is-layout-flex wp-container-core-columns-is-layout-60cbf9bb wp-block-columns-is-layout-flex\"><img decoding=\"async\" src=\"https:\/\/exbus.pl\/wp-content\/uploads\/2023\/03\/Fotolia_47891973_Subscription_Monthly_M-1024x682.jpg\" alt=\"\" \/><\/figure>\n\n<h4 class=\"wp-block-heading\" style=\"margin-top: 16px;\">Wielkopolskie<\/h4>\n\n<p style=\"line-height: 1.3;\">Pozna\u0144, Oborniki, Chodzie\u017c, Trzcianka, Czarnk\u00f3w, Pi\u0142a, Jastrowie, Z\u0142ot\u00f3w, Zakrzewo, Wyrzysk, \u0141ob\u017cenica, Okonek, Szamocin, Uj\u015bcie, Wolsztyn, Nowy Tomy\u015bl, Gniezno, Szamotu\u0142y, Wyrzysk<\/p>\n\n\n\n<figure class=\"is-layout-flow wp-container-core-column-is-layout-6b73ce23 wp-block-column-is-layout-flow\"><img decoding=\"async\" src=\"https:\/\/exbus.pl\/wp-content\/uploads\/2023\/03\/Fotolia_3184484_Subscription_XL-1024x680.jpg\" alt=\"\" \/><\/figure>\n\n<h4 class=\"wp-block-heading\" style=\"margin-top: 16px;\">Zachodniopomorskie<\/h4>\n\n<p style=\"line-height: 1.3;\">Szczecin, Stargard Szczeci\u0144ski, Pyrzyce, Gryfino, Goleni\u00f3w, Nowogard, Gryfice, Bia\u0142ogard, Koszalin, Szczecinek, \u0141obez, \u015awidwin, Drawsko Pomorskie, Z\u0142ocieniec, Recz, Choszczno, Kalisz Pomorski, Miros\u0142awiec, Wa\u0142cz, Polan\u00f3w, Karlino, Tychowo, Lipiany, Barlinek, Czaplinek, Barwice, Grzmi\u0105ca, Bobolice.<\/p>\n\n\n\n<figure class=\"is-layout-flow wp-container-core-column-is-layout-6b73ce23 wp-block-column-is-layout-flow\"><img decoding=\"async\" src=\"https:\/\/exbus.pl\/wp-content\/uploads\/2023\/03\/Fotolia_8653325_Subscription_Monthly_XXL-1024x768.jpg\" alt=\"\" \/><\/figure>\n\n<h4 class=\"wp-block-heading\" style=\"margin-top: 16px;\">Lubuskie<\/h4>\n\n<p style=\"line-height: 1.3;\">\u015awiecko, Kostrzyn nad Odr\u0105, Rzepin, Torzym, Sul\u0119cin, O\u015bno Lubuskie, Gorz\u00f3w Wielkopolski, Strzelce Kraje\u0144skie, Dobiegniew, Mi\u0119dzyrzecz, \u015awiebodzin, D\u0119bno, Skwierzyna<\/p>\n\n\n\n<figure class=\"wp-block-gallery-1 is-layout-flex wp-block-gallery-is-layout-flex is-layout-flow wp-block-column-is-layout-flow\">\n<figure><img decoding=\"async\" data-id=\"82\" src=\"https:\/\/exbus.pl\/wp-content\/uploads\/2023\/03\/Fotolia_91958157_Subscription_Monthly_M-1024x479.jpg\" alt=\"\" \/><\/figure>\n<\/figure>\n\n<h4 class=\"wp-block-heading\">Kujawsko-pomorskie<\/h4>\n\n<p style=\"line-height: 1.3;\">S\u0119p\u00f3lno Kraje\u0144skie, Wi\u0119cbork, Nak\u0142o nad Noteci\u0105, Bydgoszcz, Koronowo, \u0141abiszyn, Szubin, Gniewkowo, Koronowo, Mogilno, Pako\u015b\u0107, Barcin, Kcynia, Tuchola<\/p>\n\n\n\n\n\n\n<h2 class=\"wp-block-heading is-layout-constrained wp-container-core-group-is-layout-47ce07ec wp-block-group-is-layout-constrained\" style=\"padding-right: 40px;\">ExBus \u2013 komfortowe przewozy mi\u0119dzynarodowe<\/h2>\n\n<h3 class=\"wp-block-heading\">Dowozimy z adresu pod adres.<\/h3>\n\n<p>Firma specjalizuje si\u0119 w mi\u0119dzynarodowym przewozie os\u00f3b i przesy\u0142ek na trasie Polska &#8211; Niemcy &#8211; Holandia &#8211; Belgia.<\/p>\n\n<p>Nasi klienci doceniaj\u0105: <br \/>&#8211; bezpieczn\u0105 podr\u00f3\u017c w komfortowych warunkach,<br \/>&#8211; dow\u00f3z os\u00f3b i przesy\u0142ek z adresu pod wskazany adres,<br \/>&#8211; wieloletnie do\u015bwiadczenie naszych kierowc\u00f3w,<br \/>wieloletnie do\u015bwiadczenie w bran\u017cy, dzi\u0119ki czemu przewozy s\u0105 bezpieczne i szybkie,<br \/>&#8211; konkurencyjne ceny za przejazdy.<\/p>\n\n<p>Ci\u0105gle modernizowana flota pojazd\u00f3w doskonale wywi\u0105zuje si\u0119 ze stawianym naszej firmie wyzwa\u0144. <br \/><strong>Zapraszamy do kontaktu &#8211; sprawd\u017a jak sprawnie mo\u017cesz przemieszcza\u0107 si\u0119 na trasie Polska &#8211; Niemcy &#8211; Holandia &#8211; Belgia. <\/strong><\/p>\n\n\n<figure><img decoding=\"async\" src=\"https:\/\/exbus.pl\/wp-content\/uploads\/2023\/03\/Fotolia_4417340_Subscription_XL-300x200.jpg\" alt=\"Busy z Polski do Holandii\" \/><\/figure>\n\n\n<figure class=\"is-layout-constrained wp-container-core-group-is-layout-6a2cfb7b wp-block-group-is-layout-constrained\"><img decoding=\"async\" src=\"https:\/\/exbus.pl\/wp-content\/uploads\/2023\/03\/Fotolia_48070336_Subscription_Monthly_XXL-300x200.jpg\" alt=\"\" \/>\n<figcaption>&#8230;<\/figcaption>\n<\/figure>\n\n<p style=\"font-size: 22px; line-height: 1.6;\">\u201c&#8230;\u201d<\/p>\n\n<p><strong>Wade Warren<\/strong><\/p>\n\n\n\n<h2 class=\"wp-block-heading is-layout-constrained wp-container-core-group-is-layout-3fee123f wp-block-group-is-layout-constrained\">Why Choose Us<\/h2>\n\n\n\n<figure class=\"is-layout-flow wp-container-core-column-is-layout-6b73ce23 wp-block-column-is-layout-flow is-layout-flex wp-container-core-columns-is-layout-29aadeec wp-block-columns-is-layout-flex\"><img decoding=\"async\" src=\"http:\/\/exbus.pl\/wp-content\/themes\/astra\/inc\/assets\/images\/starter-content\/passionate.svg\" alt=\"\" \/><\/figure>\n\n<h3 class=\"wp-block-heading\" style=\"margin-top: 16px;\">Passionate<\/h3>\n\n<p>Tempor ullamcorper urna, est, lectus amet sit tempor pretium mi sed morbi cras posuere sit ultrices bibendum augue sit ornare.<\/p>\n\n\n\n<figure class=\"is-layout-flow wp-container-core-column-is-layout-6b73ce23 wp-block-column-is-layout-flow\"><img decoding=\"async\" src=\"http:\/\/exbus.pl\/wp-content\/themes\/astra\/inc\/assets\/images\/starter-content\/professional.svg\" alt=\"\" \/><\/figure>\n\n<h3 class=\"wp-block-heading\" style=\"margin-top: 16px;\">Professional<\/h3>\n\n<p>Tempor ullamcorper urna, est, lectus amet sit tempor pretium mi sed morbi cras posuere sit ultrices bibendum augue sit ornare.<\/p>\n\n\n\n<figure class=\"is-layout-flow wp-container-core-column-is-layout-6b73ce23 wp-block-column-is-layout-flow\"><img decoding=\"async\" src=\"http:\/\/exbus.pl\/wp-content\/themes\/astra\/inc\/assets\/images\/starter-content\/support.svg\" alt=\"\" \/><\/figure>\n\n<h3 class=\"wp-block-heading\" style=\"margin-top: 16px;\">Support<\/h3>\n\n<p>Tempor ullamcorper urna, est, lectus amet sit tempor pretium mi sed morbi cras posuere sit ultrices bibendum augue sit ornare.<\/p>\n\n\n\n\n\n<h2 class=\"wp-block-heading is-layout-constrained wp-container-core-group-is-layout-cfcca693 wp-block-group-is-layout-constrained\" style=\"color: #ffffff;\">Get a professional website today!<\/h2>\n\n\n<a class=\"is-horizontal is-content-justification-center is-layout-flex wp-container-core-buttons-is-layout-bba8380a wp-block-buttons-is-layout-flex\">Make a Website<\/a>\n\n\n","protected":false},"excerpt":{"rendered":"<p>Przew\u00f3z os\u00f3b z adresupod adres Busy Door 2 Door czyli busy z adresu pod adres. Mi\u0119dzynarodowe przejazdy z bezpo\u015brednim odbiorem pasa\u017cera spod drzwi domu i dostarczeniem pod wskazany adres. To bardzo wygodne rozwi\u0105zanie. Konkurencyjne ceny i \u015bwietne promocje Wiemy, \u017ce konkurencyjne ceny i liczne promocje to wa\u017cne czynniki przy wyborze [&hellip;]<\/p>\n","protected":false},"author":1,"featured_media":0,"parent":0,"menu_order":0,"comment_status":"closed","ping_status":"closed","template":"","meta":{"om_disable_all_campaigns":false,"_monsterinsights_skip_tracking":false,"_monsterinsights_sitenote_active":false,"_monsterinsights_sitenote_note":"","_monsterinsights_sitenote_category":0,"_uf_show_specific_survey":0,"_uf_disable_surveys":false,"_themeisle_gutenberg_block_has_review":false,"footnotes":""},"class_list":["post-8","page","type-page","status-publish","hentry"],"yoast_head":"<!-- This site is optimized with the Yoast SEO plugin v27.2 - https:\/\/yoast.com\/product\/yoast-seo-wordpress\/ -->\n<title>Busy do Holandii , Belgii i Niemiec. - Busy do Holandii, Belgii i Niemiec.<\/title>\n<meta name=\"robots\" content=\"index, follow, max-snippet:-1, max-image-preview:large, max-video-preview:-1\" \/>\n<link rel=\"canonical\" href=\"https:\/\/exbus.pl\/\" \/>\n<meta property=\"og:locale\" content=\"pl_PL\" \/>\n<meta property=\"og:type\" content=\"article\" \/>\n<meta property=\"og:title\" content=\"Busy do Holandii , Belgii i Niemiec. - Busy do Holandii, Belgii i Niemiec.\" \/>\n<meta property=\"og:description\" content=\"Przew\u00f3z os\u00f3b z adresupod adres Busy Door 2 Door czyli busy z adresu pod adres. Mi\u0119dzynarodowe przejazdy z bezpo\u015brednim odbiorem pasa\u017cera spod drzwi domu i dostarczeniem pod wskazany adres. To bardzo wygodne rozwi\u0105zanie. Konkurencyjne ceny i \u015bwietne promocje Wiemy, \u017ce konkurencyjne ceny i liczne promocje to wa\u017cne czynniki przy wyborze [&hellip;]\" \/>\n<meta property=\"og:url\" content=\"https:\/\/exbus.pl\/\" \/>\n<meta property=\"og:site_name\" content=\"Busy do Holandii, Belgii i Niemiec.\" \/>\n<meta property=\"article:modified_time\" content=\"2023-03-27T21:47:08+00:00\" \/>\n<meta property=\"og:image\" content=\"https:\/\/exbus.pl\/wp-content\/uploads\/2023\/03\/tlo_busy_do_holandii-864x1024.jpg\" \/>\n\t<meta property=\"og:image:width\" content=\"864\" \/>\n\t<meta property=\"og:image:height\" content=\"1024\" \/>\n\t<meta property=\"og:image:type\" content=\"image\/jpeg\" \/>\n<meta name=\"twitter:card\" content=\"summary_large_image\" \/>\n<meta name=\"twitter:label1\" content=\"Szacowany czas czytania\" \/>\n\t<meta name=\"twitter:data1\" content=\"6 minut\" \/>\n<script type=\"application\/ld+json\" class=\"yoast-schema-graph\">{\"@context\":\"https:\/\/schema.org\",\"@graph\":[{\"@type\":\"WebPage\",\"@id\":\"https:\/\/exbus.pl\/\",\"url\":\"https:\/\/exbus.pl\/\",\"name\":\"Busy do Holandii , Belgii i Niemiec. - Busy do Holandii, Belgii i Niemiec.\",\"isPartOf\":{\"@id\":\"https:\/\/exbus.pl\/#website\"},\"primaryImageOfPage\":{\"@id\":\"https:\/\/exbus.pl\/#primaryimage\"},\"image\":{\"@id\":\"https:\/\/exbus.pl\/#primaryimage\"},\"thumbnailUrl\":\"https:\/\/exbus.pl\/wp-content\/uploads\/2023\/03\/Fotolia_30808091_Subscription_Monthly_L-300x214.jpg\",\"datePublished\":\"2023-03-23T16:47:26+00:00\",\"dateModified\":\"2023-03-27T21:47:08+00:00\",\"breadcrumb\":{\"@id\":\"https:\/\/exbus.pl\/#breadcrumb\"},\"inLanguage\":\"pl-PL\",\"potentialAction\":[{\"@type\":\"ReadAction\",\"target\":[\"https:\/\/exbus.pl\/\"]}]},{\"@type\":\"ImageObject\",\"inLanguage\":\"pl-PL\",\"@id\":\"https:\/\/exbus.pl\/#primaryimage\",\"url\":\"https:\/\/exbus.pl\/wp-content\/uploads\/2023\/03\/Fotolia_30808091_Subscription_Monthly_L-scaled.jpg\",\"contentUrl\":\"https:\/\/exbus.pl\/wp-content\/uploads\/2023\/03\/Fotolia_30808091_Subscription_Monthly_L-scaled.jpg\",\"width\":2560,\"height\":1823},{\"@type\":\"BreadcrumbList\",\"@id\":\"https:\/\/exbus.pl\/#breadcrumb\",\"itemListElement\":[{\"@type\":\"ListItem\",\"position\":1,\"name\":\"Home\",\"item\":\"https:\/\/exbus.pl\/\"},{\"@type\":\"ListItem\",\"position\":2,\"name\":\"Busy do Holandii , Belgii i Niemiec.\"}]},{\"@type\":\"WebSite\",\"@id\":\"https:\/\/exbus.pl\/#website\",\"url\":\"https:\/\/exbus.pl\/\",\"name\":\"Busy do Holandii, Belgii i Niemiec.\",\"description\":\"Przew\u00f3z z adresu pod adres ...\",\"publisher\":{\"@id\":\"https:\/\/exbus.pl\/#organization\"},\"potentialAction\":[{\"@type\":\"SearchAction\",\"target\":{\"@type\":\"EntryPoint\",\"urlTemplate\":\"https:\/\/exbus.pl\/?s={search_term_string}\"},\"query-input\":{\"@type\":\"PropertyValueSpecification\",\"valueRequired\":true,\"valueName\":\"search_term_string\"}}],\"inLanguage\":\"pl-PL\"},{\"@type\":\"Organization\",\"@id\":\"https:\/\/exbus.pl\/#organization\",\"name\":\"Busy do Holandii, Belgii i Niemiec.\",\"url\":\"https:\/\/exbus.pl\/\",\"logo\":{\"@type\":\"ImageObject\",\"inLanguage\":\"pl-PL\",\"@id\":\"https:\/\/exbus.pl\/#\/schema\/logo\/image\/\",\"url\":\"https:\/\/exbus.pl\/wp-content\/uploads\/2023\/03\/cropped-logo_exbus_pl.png\",\"contentUrl\":\"https:\/\/exbus.pl\/wp-content\/uploads\/2023\/03\/cropped-logo_exbus_pl.png\",\"width\":937,\"height\":199,\"caption\":\"Busy do Holandii, Belgii i Niemiec.\"},\"image\":{\"@id\":\"https:\/\/exbus.pl\/#\/schema\/logo\/image\/\"}}]}<\/script>\n<!-- \/ Yoast SEO plugin. -->","yoast_head_json":{"title":"Busy do Holandii , Belgii i Niemiec. - Busy do Holandii, Belgii i Niemiec.","robots":{"index":"index","follow":"follow","max-snippet":"max-snippet:-1","max-image-preview":"max-image-preview:large","max-video-preview":"max-video-preview:-1"},"canonical":"https:\/\/exbus.pl\/","og_locale":"pl_PL","og_type":"article","og_title":"Busy do Holandii , Belgii i Niemiec. - Busy do Holandii, Belgii i Niemiec.","og_description":"Przew\u00f3z os\u00f3b z adresupod adres Busy Door 2 Door czyli busy z adresu pod adres. Mi\u0119dzynarodowe przejazdy z bezpo\u015brednim odbiorem pasa\u017cera spod drzwi domu i dostarczeniem pod wskazany adres. To bardzo wygodne rozwi\u0105zanie. Konkurencyjne ceny i \u015bwietne promocje Wiemy, \u017ce konkurencyjne ceny i liczne promocje to wa\u017cne czynniki przy wyborze [&hellip;]","og_url":"https:\/\/exbus.pl\/","og_site_name":"Busy do Holandii, Belgii i Niemiec.","article_modified_time":"2023-03-27T21:47:08+00:00","og_image":[{"width":864,"height":1024,"url":"https:\/\/exbus.pl\/wp-content\/uploads\/2023\/03\/tlo_busy_do_holandii-864x1024.jpg","type":"image\/jpeg"}],"twitter_card":"summary_large_image","twitter_misc":{"Szacowany czas czytania":"6 minut"},"schema":{"@context":"https:\/\/schema.org","@graph":[{"@type":"WebPage","@id":"https:\/\/exbus.pl\/","url":"https:\/\/exbus.pl\/","name":"Busy do Holandii , Belgii i Niemiec. - Busy do Holandii, Belgii i Niemiec.","isPartOf":{"@id":"https:\/\/exbus.pl\/#website"},"primaryImageOfPage":{"@id":"https:\/\/exbus.pl\/#primaryimage"},"image":{"@id":"https:\/\/exbus.pl\/#primaryimage"},"thumbnailUrl":"https:\/\/exbus.pl\/wp-content\/uploads\/2023\/03\/Fotolia_30808091_Subscription_Monthly_L-300x214.jpg","datePublished":"2023-03-23T16:47:26+00:00","dateModified":"2023-03-27T21:47:08+00:00","breadcrumb":{"@id":"https:\/\/exbus.pl\/#breadcrumb"},"inLanguage":"pl-PL","potentialAction":[{"@type":"ReadAction","target":["https:\/\/exbus.pl\/"]}]},{"@type":"ImageObject","inLanguage":"pl-PL","@id":"https:\/\/exbus.pl\/#primaryimage","url":"https:\/\/exbus.pl\/wp-content\/uploads\/2023\/03\/Fotolia_30808091_Subscription_Monthly_L-scaled.jpg","contentUrl":"https:\/\/exbus.pl\/wp-content\/uploads\/2023\/03\/Fotolia_30808091_Subscription_Monthly_L-scaled.jpg","width":2560,"height":1823},{"@type":"BreadcrumbList","@id":"https:\/\/exbus.pl\/#breadcrumb","itemListElement":[{"@type":"ListItem","position":1,"name":"Home","item":"https:\/\/exbus.pl\/"},{"@type":"ListItem","position":2,"name":"Busy do Holandii , Belgii i Niemiec."}]},{"@type":"WebSite","@id":"https:\/\/exbus.pl\/#website","url":"https:\/\/exbus.pl\/","name":"Busy do Holandii, Belgii i Niemiec.","description":"Przew\u00f3z z adresu pod adres ...","publisher":{"@id":"https:\/\/exbus.pl\/#organization"},"potentialAction":[{"@type":"SearchAction","target":{"@type":"EntryPoint","urlTemplate":"https:\/\/exbus.pl\/?s={search_term_string}"},"query-input":{"@type":"PropertyValueSpecification","valueRequired":true,"valueName":"search_term_string"}}],"inLanguage":"pl-PL"},{"@type":"Organization","@id":"https:\/\/exbus.pl\/#organization","name":"Busy do Holandii, Belgii i Niemiec.","url":"https:\/\/exbus.pl\/","logo":{"@type":"ImageObject","inLanguage":"pl-PL","@id":"https:\/\/exbus.pl\/#\/schema\/logo\/image\/","url":"https:\/\/exbus.pl\/wp-content\/uploads\/2023\/03\/cropped-logo_exbus_pl.png","contentUrl":"https:\/\/exbus.pl\/wp-content\/uploads\/2023\/03\/cropped-logo_exbus_pl.png","width":937,"height":199,"caption":"Busy do Holandii, Belgii i Niemiec."},"image":{"@id":"https:\/\/exbus.pl\/#\/schema\/logo\/image\/"}}]}},"_links":{"self":[{"href":"https:\/\/exbus.pl\/index.php?rest_route=\/wp\/v2\/pages\/8","targetHints":{"allow":["GET"]}}],"collection":[{"href":"https:\/\/exbus.pl\/index.php?rest_route=\/wp\/v2\/pages"}],"about":[{"href":"https:\/\/exbus.pl\/index.php?rest_route=\/wp\/v2\/types\/page"}],"author":[{"embeddable":true,"href":"https:\/\/exbus.pl\/index.php?rest_route=\/wp\/v2\/users\/1"}],"replies":[{"embeddable":true,"href":"https:\/\/exbus.pl\/index.php?rest_route=%2Fwp%2Fv2%2Fcomments&post=8"}],"version-history":[{"count":46,"href":"https:\/\/exbus.pl\/index.php?rest_route=\/wp\/v2\/pages\/8\/revisions"}],"predecessor-version":[{"id":175,"href":"https:\/\/exbus.pl\/index.php?rest_route=\/wp\/v2\/pages\/8\/revisions\/175"}],"wp:attachment":[{"href":"https:\/\/exbus.pl\/index.php?rest_route=%2Fwp%2Fv2%2Fmedia&parent=8"}],"curies":[{"name":"wp","href":"https:\/\/api.w.org\/{rel}","templated":true}]}}